{"id":676,"date":"2024-03-22T13:37:53","date_gmt":"2024-03-22T13:37:53","guid":{"rendered":"https:\/\/jccmontreal.ca\/?page_id=676"},"modified":"2024-03-26T23:45:48","modified_gmt":"2024-03-26T23:45:48","slug":"commercial-property-management","status":"publish","type":"page","link":"https:\/\/jccmontreal.ca\/fr\/commercial-property-management\/","title":{"rendered":"Commercial &#8211; Property Management"},"content":{"rendered":"<p>[et_pb_section fb_built=\u00a0\u00bb1&Prime; _builder_version=\u00a0\u00bb4.7.5&Prime; _module_preset=\u00a0\u00bbdefault\u00a0\u00bb custom_margin=\u00a0\u00bb0px||0px||false|false\u00a0\u00bb custom_padding=\u00a0\u00bb0px||0px||false|false\u00a0\u00bb][et_pb_row _builder_version=\u00a0\u00bb4.7.5&Prime; _module_preset=\u00a0\u00bbdefault\u00a0\u00bb custom_margin=\u00a0\u00bb0px||0px||false|false\u00a0\u00bb custom_padding=\u00a0\u00bb0px||0px||false|false\u00a0\u00bb custom_css_main_element=\u00a0\u00bbmax-width: 1400px;\u00a0\u00bb][et_pb_column type=\u00a0\u00bb4_4&Prime; _builder_version=\u00a0\u00bb4.7.5&Prime; _module_preset=\u00a0\u00bbdefault\u00a0\u00bb][et_pb_text _builder_version=\u00a0\u00bb4.7.5&Prime; _module_preset=\u00a0\u00bbdefault\u00a0\u00bb hover_enabled=\u00a0\u00bb0&Prime; sticky_enabled=\u00a0\u00bb0&Prime;]<\/p>\n<div class=\"jcc_about_content_container\">\n<div class=\"jcc_about_content_col1\">\n<h1>Gestion de la propri\u00e9t\u00e9<\/h1>\n<p>Partout \u00e0 Montr\u00e9al, plusieurs des immeubles les plus prestigieux aupr\u00e8s des client\u00e8les les plus exigeantes confient leurs besoins d&rsquo;entretien g\u00e9n\u00e9ral \u00e0 notre \u00e9quipe. JCC est en mesure de r\u00e9pondre aux urgences, aux normes de propret\u00e9 les plus strictes et aux restrictions d&rsquo;horaires complexes. Notre r\u00e9putation est bas\u00e9e sur la fiabilit\u00e9 et le service, afin que les gestionnaires immobiliers puissent simplifier la vie et assurer le bon fonctionnement de leurs b\u00e2timents.<\/p>\n<\/div>\n<div class=\"jcc_about_content_col2\"><img decoding=\"async\" src=\"https:\/\/jccmontreal.ca\/wp-content\/uploads\/2024\/03\/prop.png\" \/><\/div>\n<\/div>\n<p>[\/et_pb_text][\/et_pb_column][\/et_pb_row][et_pb_row column_structure=\u00a0\u00bb1_2,1_2&Prime; _builder_version=\u00a0\u00bb4.7.5&Prime; _module_preset=\u00a0\u00bbdefault\u00a0\u00bb custom_margin=\u00a0\u00bb-200px||||false|false\u00a0\u00bb custom_padding=\u00a0\u00bb||100px||false|false\u00a0\u00bb][et_pb_column type=\u00a0\u00bb1_2&Prime; _builder_version=\u00a0\u00bb4.7.5&Prime; _module_preset=\u00a0\u00bbdefault\u00a0\u00bb][et_pb_image src=\u00a0\u00bbhttps:\/\/jccmontreal.ca\/wp-content\/uploads\/2024\/03\/prop1.png\u00a0\u00bb title_text=\u00a0\u00bbprop1&Prime; _builder_version=\u00a0\u00bb4.7.5&Prime; _module_preset=\u00a0\u00bbdefault\u00a0\u00bb][\/et_pb_image][\/et_pb_column][et_pb_column type=\u00a0\u00bb1_2&Prime; _builder_version=\u00a0\u00bb4.7.5&Prime; _module_preset=\u00a0\u00bbdefault\u00a0\u00bb][et_pb_image src=\u00a0\u00bbhttps:\/\/jccmontreal.ca\/wp-content\/uploads\/2024\/03\/prop2-1.png\u00a0\u00bb title_text=\u00a0\u00bbprop2&Prime; _builder_version=\u00a0\u00bb4.7.5&Prime; _module_preset=\u00a0\u00bbdefault\u00a0\u00bb][\/et_pb_image][\/et_pb_column][\/et_pb_row][\/et_pb_section][et_pb_section fb_built=\u00a0\u00bb1&Prime; _builder_version=\u00a0\u00bb4.7.5&Prime; _module_preset=\u00a0\u00bbdefault\u00a0\u00bb custom_margin=\u00a0\u00bb0px||0px||false|false\u00a0\u00bb custom_padding=\u00a0\u00bb0px||0px||false|false\u00a0\u00bb locked=\u00a0\u00bboff\u00a0\u00bb][et_pb_row _builder_version=\u00a0\u00bb4.7.5&Prime; _module_preset=\u00a0\u00bbdefault\u00a0\u00bb custom_margin=\u00a0\u00bb0px||0px||false|false\u00a0\u00bb custom_padding=\u00a0\u00bb0px||0px||false|false\u00a0\u00bb custom_css_main_element=\u00a0\u00bbmax-width: 1400px;||width: 100%;\u00a0\u00bb][et_pb_column type=\u00a0\u00bb4_4&Prime; _builder_version=\u00a0\u00bb4.7.5&Prime; _module_preset=\u00a0\u00bbdefault\u00a0\u00bb][et_pb_code _builder_version=\u00a0\u00bb4.7.5&Prime; _module_preset=\u00a0\u00bbdefault\u00a0\u00bb hover_enabled=\u00a0\u00bb0&Prime; sticky_enabled=\u00a0\u00bb0&Prime;]<\/p>\n<h2 class=\"jcc_commercial_bathroom_title\">notre travail<\/h2>\n<p><!-- [et_pb_line_break_holder] --><!-- [et_pb_line_break_holder] --><!-- [et_pb_line_break_holder] --><!-- [et_pb_line_break_holder] --><!-- [et_pb_line_break_holder] --><\/p>\n<div style=\"background: #ecedf0; padding-bottom: 50px;\"><!-- [et_pb_line_break_holder] --><!-- [et_pb_line_break_holder] --><!-- [et_pb_line_break_holder] --><\/p>\n<div class=\"jcc_commercial_bathroom_content\"><!-- [et_pb_line_break_holder] --><!-- [et_pb_line_break_holder] -->N&rsquo;h\u00e9sitez pas \u00e0 explorer le niveau de travail que nous pouvons offrir \u00e0 votre projet. Des d\u00e9veloppements r\u00e9sidentiels commerciaux \u00e0 la construction d\u2019un b\u00e2timent commercial. L&rsquo;\u00e9quipe de J. Collins Construction fournira un service fiable de qualit\u00e9 \u00e0 chaque fois.<!-- [et_pb_line_break_holder] --><!-- [et_pb_line_break_holder] --><\/div>\n<p><!-- [et_pb_line_break_holder] --><!-- [et_pb_line_break_holder] --><!-- [et_pb_line_break_holder] --><!-- [et_pb_line_break_holder] --><!-- [et_pb_line_break_holder] --><\/p>\n<div class=\"jcc_commercial_bathroom_container\"><!-- [et_pb_line_break_holder] --><!-- [et_pb_line_break_holder] --><!-- [et_pb_line_break_holder] --><\/p>\n<div class=\"jcc_commercial_bathroom_col\"><!-- [et_pb_line_break_holder] --><!-- [et_pb_line_break_holder] --><!-- [et_pb_line_break_holder] --><\/p>\n<div class=\"jcc_commercial_bathroom_item\"><!-- [et_pb_line_break_holder] --><!-- [et_pb_line_break_holder] --><a href=\"https:\/\/jccmontreal.ca\/portfolio-commercial\/#notre\"><img decoding=\"async\" src=\"https:\/\/jccmontreal.ca\/wp-content\/uploads\/2024\/02\/notre.png\"><\/a><!-- [et_pb_line_break_holder] --><!-- [et_pb_line_break_holder] -->\u00a0<!-- [et_pb_line_break_holder] --><!-- [et_pb_line_break_holder] --><!-- [et_pb_line_break_holder] --><\/p>\n<div class=\"jcc_commercial_work_card_content\"><!-- [et_pb_line_break_holder] --><a href=\"\/portfolio-commercial\/#notre\"><!-- [et_pb_line_break_holder] --><b>Notre Dame Ouest<\/b><!-- [et_pb_line_break_holder] --> <\/a><!-- [et_pb_line_break_holder] -->\u00a0<!-- [et_pb_line_break_holder] --><!-- [et_pb_line_break_holder] --><!-- [et_pb_line_break_holder] --><!-- [et_pb_line_break_holder] --><\/div>\n<p><!-- [et_pb_line_break_holder] --><!-- [et_pb_line_break_holder] --><!-- [et_pb_line_break_holder] --><!-- [et_pb_line_break_holder] --><!-- [et_pb_line_break_holder] --><\/div>\n<p><!-- [et_pb_line_break_holder] --><!-- [et_pb_line_break_holder] --><!-- [et_pb_line_break_holder] --> <!-- [et_pb_line_break_holder] --> <!-- [et_pb_line_break_holder] --> <!-- [et_pb_line_break_holder] --><!-- [et_pb_line_break_holder] --><!-- [et_pb_line_break_holder] --><\/p>\n<div class=\"jcc_commercial_bathroom_item\"><!-- [et_pb_line_break_holder] --><!-- [et_pb_line_break_holder] --> <img decoding=\"async\" src=\"https:\/\/jccmontreal.ca\/wp-content\/uploads\/2024\/02\/cote.png\"><!-- [et_pb_line_break_holder] --><!-- [et_pb_line_break_holder] -->\u00a0<!-- [et_pb_line_break_holder] --><!-- [et_pb_line_break_holder] --><!-- [et_pb_line_break_holder] --><\/p>\n<div class=\"jcc_commercial_work_card_content\"><!-- [et_pb_line_break_holder] --><a href=\"\/portfolio-commercial\/#cote\"><!-- [et_pb_line_break_holder] --><b>Cote St Antoine<\/b><!-- [et_pb_line_break_holder] --> <\/a><!-- [et_pb_line_break_holder] --><\/div>\n<p><!-- [et_pb_line_break_holder] --><!-- [et_pb_line_break_holder] --><!-- [et_pb_line_break_holder] --><!-- [et_pb_line_break_holder] --><!-- [et_pb_line_break_holder] --><\/div>\n<p><!-- [et_pb_line_break_holder] --><!-- [et_pb_line_break_holder] --><!-- [et_pb_line_break_holder] --> <!-- [et_pb_line_break_holder] --> <!-- [et_pb_line_break_holder] --> <!-- [et_pb_line_break_holder] --> <!-- [et_pb_line_break_holder] --> <!-- [et_pb_line_break_holder] --> <!-- [et_pb_line_break_holder] --><!-- [et_pb_line_break_holder] --><!-- [et_pb_line_break_holder] --><\/p>\n<div class=\"jcc_commercial_bathroom_item\"><!-- [et_pb_line_break_holder] --><!-- [et_pb_line_break_holder] --> <img decoding=\"async\" src=\"https:\/\/jccmontreal.ca\/wp-content\/uploads\/2024\/02\/moneris.png\"><!-- [et_pb_line_break_holder] --><!-- [et_pb_line_break_holder] -->\u00a0<!-- [et_pb_line_break_holder] --><!-- [et_pb_line_break_holder] --><!-- [et_pb_line_break_holder] --><\/p>\n<div class=\"jcc_commercial_work_card_content\"><!-- [et_pb_line_break_holder] --><a href=\"\/portfolio-commercial\/#moneris\"><!-- [et_pb_line_break_holder] --><b>Office gym and bathrooms (Moneris)<\/b><!-- [et_pb_line_break_holder] --> <\/a><!-- [et_pb_line_break_holder] -->\u00a0<!-- [et_pb_line_break_holder] --><!-- [et_pb_line_break_holder] --><!-- [et_pb_line_break_holder] --><!-- [et_pb_line_break_holder] --><\/div>\n<p><!-- [et_pb_line_break_holder] --><!-- [et_pb_line_break_holder] --><!-- [et_pb_line_break_holder] --><!-- [et_pb_line_break_holder] --><!-- [et_pb_line_break_holder] --><\/div>\n<p><!-- [et_pb_line_break_holder] --><!-- [et_pb_line_break_holder] --><!-- [et_pb_line_break_holder] --><!-- [et_pb_line_break_holder] --><!-- [et_pb_line_break_holder] --><!-- [et_pb_line_break_holder] --><\/div>\n<p><!-- [et_pb_line_break_holder] --><!-- [et_pb_line_break_holder] --><!-- [et_pb_line_break_holder] --><!-- [et_pb_line_break_holder] --><!-- [et_pb_line_break_holder] --><\/div>\n<p><!-- [et_pb_line_break_holder] --><!-- [et_pb_line_break_holder] --><!-- [et_pb_line_break_holder] --><!-- [et_pb_line_break_holder] --><!-- [et_pb_line_break_holder] --><\/p>\n<div class=\"jcc_commercial_bathroom_arrows\"><img decoding=\"async\" src=\"https:\/\/jccmontreal.ca\/wp-content\/uploads\/2024\/02\/jcc_residential_left_arrow_img.png\"><!-- [et_pb_line_break_holder] --><img decoding=\"async\" src=\"https:\/\/jccmontreal.ca\/wp-content\/uploads\/2024\/02\/jcc_residential_right_arrow_img.png\"><\/div>\n<p><!-- [et_pb_line_break_holder] --><!-- [et_pb_line_break_holder] --><!-- [et_pb_line_break_holder] --><!-- [et_pb_line_break_holder] --><!-- [et_pb_line_break_holder] --><\/div>\n<p>[\/et_pb_code][\/et_pb_column][\/et_pb_row][\/et_pb_section][et_pb_section fb_built=\u00a0\u00bb1&Prime; fullwidth=\u00a0\u00bbon\u00a0\u00bb _builder_version=\u00a0\u00bb4.7.5&Prime; _module_preset=\u00a0\u00bbdefault\u00a0\u00bb][et_pb_fullwidth_code _builder_version=\u00a0\u00bb4.7.5&Prime; _module_preset=\u00a0\u00bbdefault\u00a0\u00bb hover_enabled=\u00a0\u00bb0&Prime; sticky_enabled=\u00a0\u00bb0&Prime;]<\/p>\n<div class=\"jcc_about_cta_footer\"><!-- [et_pb_line_break_holder] --><!-- [et_pb_line_break_holder] --><\/p>\n<div class=\"jcc_about_cta_footer_content\"><!-- [et_pb_line_break_holder] --><!-- [et_pb_line_break_holder] --><\/p>\n<h2>Discutons de votre projet de construction<\/h2>\n<p><!-- [et_pb_line_break_holder] --><!-- [et_pb_line_break_holder] --><pee>L&rsquo;\u00e9quipe de J. Collins Construction Inc. est pr\u00eate \u00e0 vous accueillir. Nous \u00e9tudierons vos besoins et vous proposerons notre expertise pour trouver la meilleure solution. Contactez-nous d\u00e8s aujourd&rsquo;hui et commen\u00e7ons\u00a0!<\/pee><!-- [et_pb_line_break_holder] -->    <!-- [et_pb_line_break_holder] --><a href=\"\/fr\/contact\/\">Parlons<\/a><!-- [et_pb_line_break_holder] --><\/div>\n<p><!-- [et_pb_line_break_holder] --><!-- [et_pb_line_break_holder] --><\/div>\n<p><!-- [et_pb_line_break_holder] -->[\/et_pb_fullwidth_code][\/et_pb_section]<\/p>\n","protected":false},"excerpt":{"rendered":"<p>Gestion de la propri\u00e9t\u00e9 Partout \u00e0 Montr\u00e9al, plusieurs des immeubles les plus prestigieux aupr\u00e8s des client\u00e8les les plus exigeantes confient leurs besoins d&rsquo;entretien g\u00e9n\u00e9ral \u00e0 notre \u00e9quipe. JCC est en mesure de r\u00e9pondre aux urgences, aux normes de propret\u00e9 les plus strictes et aux restrictions d&rsquo;horaires complexes. Notre r\u00e9putation est bas\u00e9e sur la fiabilit\u00e9 et [&hellip;]<\/p>\n","protected":false},"author":2,"featured_media":0,"parent":0,"menu_order":0,"comment_status":"closed","ping_status":"closed","template":"","meta":{"_et_pb_use_builder":"on","_et_pb_old_content":"","_et_gb_content_width":"","footnotes":""},"dipi_cpt_category":[],"class_list":["post-676","page","type-page","status-publish","hentry"],"yoast_head":"<!-- This site is optimized with the Yoast SEO plugin v27.4 - https:\/\/yoast.com\/product\/yoast-seo-wordpress\/ -->\n<title>Commercial - Property Management - J.Collins Construction inc.<\/title>\n<meta name=\"robots\" content=\"index, follow, max-snippet:-1, max-image-preview:large, max-video-preview:-1\" \/>\n<link rel=\"canonical\" href=\"https:\/\/jccmontreal.ca\/fr\/commercial-property-management\/\" \/>\n<meta property=\"og:locale\" content=\"fr_FR\" \/>\n<meta property=\"og:type\" content=\"article\" \/>\n<meta property=\"og:title\" content=\"Commercial - Property Management - J.Collins Construction inc.\" \/>\n<meta property=\"og:description\" content=\"Gestion de la propri\u00e9t\u00e9 Partout \u00e0 Montr\u00e9al, plusieurs des immeubles les plus prestigieux aupr\u00e8s des client\u00e8les les plus exigeantes confient leurs besoins d&#039;entretien g\u00e9n\u00e9ral \u00e0 notre \u00e9quipe. JCC est en mesure de r\u00e9pondre aux urgences, aux normes de propret\u00e9 les plus strictes et aux restrictions d&#039;horaires complexes. Notre r\u00e9putation est bas\u00e9e sur la fiabilit\u00e9 et [&hellip;]\" \/>\n<meta property=\"og:url\" content=\"https:\/\/jccmontreal.ca\/commercial-property-management\/\" \/>\n<meta property=\"og:site_name\" content=\"J.Collins Construction inc.\" \/>\n<meta property=\"article:modified_time\" content=\"2024-03-26T23:45:48+00:00\" \/>\n<meta property=\"og:image\" content=\"https:\/\/jccmontreal.ca\/wp-content\/uploads\/2024\/03\/prop.png\" \/>\n<meta name=\"twitter:card\" content=\"summary_large_image\" \/>\n<meta name=\"twitter:label1\" content=\"Dur\u00e9e de lecture estim\u00e9e\" \/>\n\t<meta name=\"twitter:data1\" content=\"2 minutes\" \/>\n<script type=\"application\/ld+json\" class=\"yoast-schema-graph\">{\"@context\":\"https:\\\/\\\/schema.org\",\"@graph\":[{\"@type\":\"WebPage\",\"@id\":\"https:\\\/\\\/jccmontreal.ca\\\/commercial-property-management\\\/\",\"url\":\"https:\\\/\\\/jccmontreal.ca\\\/commercial-property-management\\\/\",\"name\":\"Commercial - Property Management - J.Collins Construction inc.\",\"isPartOf\":{\"@id\":\"https:\\\/\\\/jccmontreal.ca\\\/#website\"},\"primaryImageOfPage\":{\"@id\":\"https:\\\/\\\/jccmontreal.ca\\\/commercial-property-management\\\/#primaryimage\"},\"image\":{\"@id\":\"https:\\\/\\\/jccmontreal.ca\\\/commercial-property-management\\\/#primaryimage\"},\"thumbnailUrl\":\"https:\\\/\\\/jccmontreal.ca\\\/wp-content\\\/uploads\\\/2024\\\/03\\\/prop.png\",\"datePublished\":\"2024-03-22T13:37:53+00:00\",\"dateModified\":\"2024-03-26T23:45:48+00:00\",\"breadcrumb\":{\"@id\":\"https:\\\/\\\/jccmontreal.ca\\\/commercial-property-management\\\/#breadcrumb\"},\"inLanguage\":\"fr-FR\",\"potentialAction\":[{\"@type\":\"ReadAction\",\"target\":[\"https:\\\/\\\/jccmontreal.ca\\\/commercial-property-management\\\/\"]}]},{\"@type\":\"ImageObject\",\"inLanguage\":\"fr-FR\",\"@id\":\"https:\\\/\\\/jccmontreal.ca\\\/commercial-property-management\\\/#primaryimage\",\"url\":\"https:\\\/\\\/jccmontreal.ca\\\/wp-content\\\/uploads\\\/2024\\\/03\\\/prop.png\",\"contentUrl\":\"https:\\\/\\\/jccmontreal.ca\\\/wp-content\\\/uploads\\\/2024\\\/03\\\/prop.png\"},{\"@type\":\"BreadcrumbList\",\"@id\":\"https:\\\/\\\/jccmontreal.ca\\\/commercial-property-management\\\/#breadcrumb\",\"itemListElement\":[{\"@type\":\"ListItem\",\"position\":1,\"name\":\"Home\",\"item\":\"https:\\\/\\\/jccmontreal.ca\\\/fr\\\/\"},{\"@type\":\"ListItem\",\"position\":2,\"name\":\"Commercial &#8211; Property Management\"}]},{\"@type\":\"WebSite\",\"@id\":\"https:\\\/\\\/jccmontreal.ca\\\/#website\",\"url\":\"https:\\\/\\\/jccmontreal.ca\\\/\",\"name\":\"J.Collins Construction inc.\",\"description\":\"\",\"potentialAction\":[{\"@type\":\"SearchAction\",\"target\":{\"@type\":\"EntryPoint\",\"urlTemplate\":\"https:\\\/\\\/jccmontreal.ca\\\/?s={search_term_string}\"},\"query-input\":{\"@type\":\"PropertyValueSpecification\",\"valueRequired\":true,\"valueName\":\"search_term_string\"}}],\"inLanguage\":\"fr-FR\"}]}<\/script>\n<!-- \/ Yoast SEO plugin. -->","yoast_head_json":{"title":"Commercial - Property Management - J.Collins Construction inc.","robots":{"index":"index","follow":"follow","max-snippet":"max-snippet:-1","max-image-preview":"max-image-preview:large","max-video-preview":"max-video-preview:-1"},"canonical":"https:\/\/jccmontreal.ca\/fr\/commercial-property-management\/","og_locale":"fr_FR","og_type":"article","og_title":"Commercial - Property Management - J.Collins Construction inc.","og_description":"Gestion de la propri\u00e9t\u00e9 Partout \u00e0 Montr\u00e9al, plusieurs des immeubles les plus prestigieux aupr\u00e8s des client\u00e8les les plus exigeantes confient leurs besoins d'entretien g\u00e9n\u00e9ral \u00e0 notre \u00e9quipe. JCC est en mesure de r\u00e9pondre aux urgences, aux normes de propret\u00e9 les plus strictes et aux restrictions d'horaires complexes. Notre r\u00e9putation est bas\u00e9e sur la fiabilit\u00e9 et [&hellip;]","og_url":"https:\/\/jccmontreal.ca\/commercial-property-management\/","og_site_name":"J.Collins Construction inc.","article_modified_time":"2024-03-26T23:45:48+00:00","og_image":[{"url":"https:\/\/jccmontreal.ca\/wp-content\/uploads\/2024\/03\/prop.png","type":"","width":"","height":""}],"twitter_card":"summary_large_image","twitter_misc":{"Dur\u00e9e de lecture estim\u00e9e":"2 minutes"},"schema":{"@context":"https:\/\/schema.org","@graph":[{"@type":"WebPage","@id":"https:\/\/jccmontreal.ca\/commercial-property-management\/","url":"https:\/\/jccmontreal.ca\/commercial-property-management\/","name":"Commercial - Property Management - J.Collins Construction inc.","isPartOf":{"@id":"https:\/\/jccmontreal.ca\/#website"},"primaryImageOfPage":{"@id":"https:\/\/jccmontreal.ca\/commercial-property-management\/#primaryimage"},"image":{"@id":"https:\/\/jccmontreal.ca\/commercial-property-management\/#primaryimage"},"thumbnailUrl":"https:\/\/jccmontreal.ca\/wp-content\/uploads\/2024\/03\/prop.png","datePublished":"2024-03-22T13:37:53+00:00","dateModified":"2024-03-26T23:45:48+00:00","breadcrumb":{"@id":"https:\/\/jccmontreal.ca\/commercial-property-management\/#breadcrumb"},"inLanguage":"fr-FR","potentialAction":[{"@type":"ReadAction","target":["https:\/\/jccmontreal.ca\/commercial-property-management\/"]}]},{"@type":"ImageObject","inLanguage":"fr-FR","@id":"https:\/\/jccmontreal.ca\/commercial-property-management\/#primaryimage","url":"https:\/\/jccmontreal.ca\/wp-content\/uploads\/2024\/03\/prop.png","contentUrl":"https:\/\/jccmontreal.ca\/wp-content\/uploads\/2024\/03\/prop.png"},{"@type":"BreadcrumbList","@id":"https:\/\/jccmontreal.ca\/commercial-property-management\/#breadcrumb","itemListElement":[{"@type":"ListItem","position":1,"name":"Home","item":"https:\/\/jccmontreal.ca\/fr\/"},{"@type":"ListItem","position":2,"name":"Commercial &#8211; Property Management"}]},{"@type":"WebSite","@id":"https:\/\/jccmontreal.ca\/#website","url":"https:\/\/jccmontreal.ca\/","name":"J.Collins Construction inc.","description":"","potentialAction":[{"@type":"SearchAction","target":{"@type":"EntryPoint","urlTemplate":"https:\/\/jccmontreal.ca\/?s={search_term_string}"},"query-input":{"@type":"PropertyValueSpecification","valueRequired":true,"valueName":"search_term_string"}}],"inLanguage":"fr-FR"}]}},"featured_image_src":null,"featured_image_src_square":null,"_links":{"self":[{"href":"https:\/\/jccmontreal.ca\/fr\/wp-json\/wp\/v2\/pages\/676","targetHints":{"allow":["GET"]}}],"collection":[{"href":"https:\/\/jccmontreal.ca\/fr\/wp-json\/wp\/v2\/pages"}],"about":[{"href":"https:\/\/jccmontreal.ca\/fr\/wp-json\/wp\/v2\/types\/page"}],"author":[{"embeddable":true,"href":"https:\/\/jccmontreal.ca\/fr\/wp-json\/wp\/v2\/users\/2"}],"replies":[{"embeddable":true,"href":"https:\/\/jccmontreal.ca\/fr\/wp-json\/wp\/v2\/comments?post=676"}],"version-history":[{"count":0,"href":"https:\/\/jccmontreal.ca\/fr\/wp-json\/wp\/v2\/pages\/676\/revisions"}],"wp:attachment":[{"href":"https:\/\/jccmontreal.ca\/fr\/wp-json\/wp\/v2\/media?parent=676"}],"wp:term":[{"taxonomy":"dipi_cpt_category","embeddable":true,"href":"https:\/\/jccmontreal.ca\/fr\/wp-json\/wp\/v2\/dipi_cpt_category?post=676"}],"curies":[{"name":"wp","href":"https:\/\/api.w.org\/{rel}","templated":true}]}}