{"id":678,"date":"2024-03-22T13:42:31","date_gmt":"2024-03-22T13:42:31","guid":{"rendered":"https:\/\/jccmontreal.ca\/?page_id=678"},"modified":"2024-03-26T23:50:40","modified_gmt":"2024-03-26T23:50:40","slug":"commercial-structures","status":"publish","type":"page","link":"https:\/\/jccmontreal.ca\/fr\/commercial-structures\/","title":{"rendered":"Commercial &#8211; Structures"},"content":{"rendered":"<p>[et_pb_section fb_built=\u00a0\u00bb1&Prime; _builder_version=\u00a0\u00bb4.7.5&Prime; _module_preset=\u00a0\u00bbdefault\u00a0\u00bb custom_margin=\u00a0\u00bb0px||0px||false|false\u00a0\u00bb custom_padding=\u00a0\u00bb0px||0px||false|false\u00a0\u00bb][et_pb_row _builder_version=\u00a0\u00bb4.7.5&Prime; _module_preset=\u00a0\u00bbdefault\u00a0\u00bb custom_margin=\u00a0\u00bb0px||0px||false|false\u00a0\u00bb custom_padding=\u00a0\u00bb0px||0px||false|false\u00a0\u00bb custom_css_main_element=\u00a0\u00bbmax-width: 1400px;\u00a0\u00bb][et_pb_column type=\u00a0\u00bb4_4&Prime; _builder_version=\u00a0\u00bb4.7.5&Prime; _module_preset=\u00a0\u00bbdefault\u00a0\u00bb][et_pb_text _builder_version=\u00a0\u00bb4.7.5&Prime; _module_preset=\u00a0\u00bbdefault\u00a0\u00bb hover_enabled=\u00a0\u00bb0&Prime; sticky_enabled=\u00a0\u00bb0&Prime;]<\/p>\n<div class=\"jcc_about_content_container\">\n<div class=\"jcc_about_content_col1\">\n<h1>Structures<\/h1>\n<p>Lorsque nous examinons les principes fondamentaux d\u2019un b\u00e2timent, la structure est certainement le plus important\u00a0! En partant de z\u00e9ro, nous disposons de l&rsquo;ing\u00e9nierie et de l&rsquo;expertise technique n\u00e9cessaires pour cr\u00e9er les espaces souhait\u00e9s \u00e0 l&rsquo;aide des mat\u00e9riaux les plus efficaces, afin que nos cr\u00e9ations r\u00e9sistent \u00e0 l&rsquo;\u00e9preuve du temps. Notre \u00e9quipe et nos \u00e9quipements internes offrent la flexibilit\u00e9 n\u00e9cessaire pour s&rsquo;adapter aux conceptions structurelles les plus complexes en b\u00e9ton, en acier ou en bois. Mais les structures plus anciennes, ou celles mal construites, voire mal con\u00e7ues, auront besoin d&rsquo;\u00eatre r\u00e9par\u00e9es ou remplac\u00e9es, et le d\u00e9fi de ces travaux, puisqu&rsquo;elles sont les plus internes, est qu&rsquo;elles sont souvent enfouies sous des couches de finitions. La solution\u00a0: des solutions innovantes et cr\u00e9atives pour minimiser les co\u00fbts tout en appliquant les mesures correctives n\u00e9cessaires pour garantir l&rsquo;int\u00e9grit\u00e9 structurelle. Qu&rsquo;il s&rsquo;agisse de modifier ou de r\u00e9parer des b\u00e2timents existants, ou de construire un nouveau JCC, vous avez la tranquillit\u00e9 d&rsquo;esprit de savoir que le travail est bien fait.<\/p>\n<\/div>\n<div class=\"jcc_about_content_col2\"><img decoding=\"async\" src=\"https:\/\/jccmontreal.ca\/wp-content\/uploads\/2024\/03\/stru.png\" \/><\/div>\n<\/div>\n<p>[\/et_pb_text][\/et_pb_column][\/et_pb_row][et_pb_row column_structure=\u00a0\u00bb1_2,1_2&Prime; _builder_version=\u00a0\u00bb4.7.5&Prime; _module_preset=\u00a0\u00bbdefault\u00a0\u00bb custom_margin=\u00a0\u00bb-200px||100px||false|false\u00a0\u00bb][et_pb_column type=\u00a0\u00bb1_2&Prime; _builder_version=\u00a0\u00bb4.7.5&Prime; _module_preset=\u00a0\u00bbdefault\u00a0\u00bb][et_pb_image src=\u00a0\u00bbhttps:\/\/jccmontreal.ca\/wp-content\/uploads\/2024\/03\/stru1.png\u00a0\u00bb title_text=\u00a0\u00bbstru1&Prime; _builder_version=\u00a0\u00bb4.7.5&Prime; _module_preset=\u00a0\u00bbdefault\u00a0\u00bb][\/et_pb_image][\/et_pb_column][et_pb_column type=\u00a0\u00bb1_2&Prime; _builder_version=\u00a0\u00bb4.7.5&Prime; _module_preset=\u00a0\u00bbdefault\u00a0\u00bb][et_pb_image src=\u00a0\u00bbhttps:\/\/jccmontreal.ca\/wp-content\/uploads\/2024\/03\/stru2.png\u00a0\u00bb title_text=\u00a0\u00bbstru2&Prime; _builder_version=\u00a0\u00bb4.7.5&Prime; _module_preset=\u00a0\u00bbdefault\u00a0\u00bb][\/et_pb_image][\/et_pb_column][\/et_pb_row][\/et_pb_section][et_pb_section fb_built=\u00a0\u00bb1&Prime; _builder_version=\u00a0\u00bb4.7.5&Prime; _module_preset=\u00a0\u00bbdefault\u00a0\u00bb custom_margin=\u00a0\u00bb0px||0px||false|false\u00a0\u00bb custom_padding=\u00a0\u00bb0px||0px||false|false\u00a0\u00bb locked=\u00a0\u00bboff\u00a0\u00bb][et_pb_row _builder_version=\u00a0\u00bb4.7.5&Prime; _module_preset=\u00a0\u00bbdefault\u00a0\u00bb custom_margin=\u00a0\u00bb0px||0px||false|false\u00a0\u00bb custom_padding=\u00a0\u00bb0px||0px||false|false\u00a0\u00bb custom_css_main_element=\u00a0\u00bbmax-width: 1400px;||width: 100%;\u00a0\u00bb][et_pb_column type=\u00a0\u00bb4_4&Prime; _builder_version=\u00a0\u00bb4.7.5&Prime; _module_preset=\u00a0\u00bbdefault\u00a0\u00bb][et_pb_code _builder_version=\u00a0\u00bb4.7.5&Prime; _module_preset=\u00a0\u00bbdefault\u00a0\u00bb hover_enabled=\u00a0\u00bb0&Prime; sticky_enabled=\u00a0\u00bb0&Prime;]<\/p>\n<h2 class=\"jcc_commercial_bathroom_title\">notre travail<\/h2>\n<p><!-- [et_pb_line_break_holder] --><!-- [et_pb_line_break_holder] --><!-- [et_pb_line_break_holder] --><!-- [et_pb_line_break_holder] --><!-- [et_pb_line_break_holder] --><\/p>\n<div style=\"background: #ecedf0; padding-bottom: 50px;\"><!-- [et_pb_line_break_holder] --><!-- [et_pb_line_break_holder] --><!-- [et_pb_line_break_holder] --><\/p>\n<div class=\"jcc_commercial_bathroom_content\"><!-- [et_pb_line_break_holder] --><!-- [et_pb_line_break_holder] -->N&rsquo;h\u00e9sitez pas \u00e0 explorer le niveau de travail que nous pouvons offrir \u00e0 votre projet. Des d\u00e9veloppements r\u00e9sidentiels commerciaux \u00e0 la construction d\u2019un b\u00e2timent commercial. L&rsquo;\u00e9quipe de J. Collins Construction fournira un service fiable de qualit\u00e9 \u00e0 chaque fois.<!-- [et_pb_line_break_holder] --><!-- [et_pb_line_break_holder] --><\/div>\n<p><!-- [et_pb_line_break_holder] --><!-- [et_pb_line_break_holder] --><!-- [et_pb_line_break_holder] --><!-- [et_pb_line_break_holder] --><!-- [et_pb_line_break_holder] --><\/p>\n<div class=\"jcc_commercial_bathroom_container\"><!-- [et_pb_line_break_holder] --><!-- [et_pb_line_break_holder] --><!-- [et_pb_line_break_holder] --><\/p>\n<div class=\"jcc_commercial_bathroom_col\"><!-- [et_pb_line_break_holder] --><!-- [et_pb_line_break_holder] --><!-- [et_pb_line_break_holder] --><\/p>\n<div class=\"jcc_commercial_bathroom_item\"><!-- [et_pb_line_break_holder] --><!-- [et_pb_line_break_holder] --><a href=\"https:\/\/jccmontreal.ca\/portfolio-commercial\/#notre\"><img decoding=\"async\" src=\"https:\/\/jccmontreal.ca\/wp-content\/uploads\/2024\/02\/notre.png\"><\/a><!-- [et_pb_line_break_holder] --><!-- [et_pb_line_break_holder] -->\u00a0<!-- [et_pb_line_break_holder] --><!-- [et_pb_line_break_holder] --><!-- [et_pb_line_break_holder] --><\/p>\n<div class=\"jcc_commercial_work_card_content\"><!-- [et_pb_line_break_holder] --><a href=\"\/portfolio-commercial\/#notre\"><!-- [et_pb_line_break_holder] --><b>Notre Dame Ouest<\/b><!-- [et_pb_line_break_holder] --> <\/a><!-- [et_pb_line_break_holder] -->\u00a0<!-- [et_pb_line_break_holder] --><!-- [et_pb_line_break_holder] --><!-- [et_pb_line_break_holder] --><!-- [et_pb_line_break_holder] --><\/div>\n<p><!-- [et_pb_line_break_holder] --><!-- [et_pb_line_break_holder] --><!-- [et_pb_line_break_holder] --><!-- [et_pb_line_break_holder] --><!-- [et_pb_line_break_holder] --><\/div>\n<p><!-- [et_pb_line_break_holder] --><!-- [et_pb_line_break_holder] --><!-- [et_pb_line_break_holder] --> <!-- [et_pb_line_break_holder] --> <!-- [et_pb_line_break_holder] --> <!-- [et_pb_line_break_holder] --><!-- [et_pb_line_break_holder] --><!-- [et_pb_line_break_holder] --><\/p>\n<div class=\"jcc_commercial_bathroom_item\"><!-- [et_pb_line_break_holder] --><!-- [et_pb_line_break_holder] --> <img decoding=\"async\" src=\"https:\/\/jccmontreal.ca\/wp-content\/uploads\/2024\/02\/cote.png\"><!-- [et_pb_line_break_holder] --><!-- [et_pb_line_break_holder] -->\u00a0<!-- [et_pb_line_break_holder] --><!-- [et_pb_line_break_holder] --><!-- [et_pb_line_break_holder] --><\/p>\n<div class=\"jcc_commercial_work_card_content\"><!-- [et_pb_line_break_holder] --><a href=\"\/portfolio-commercial\/#cote\"><!-- [et_pb_line_break_holder] --><b>Cote St Antoine<\/b><!-- [et_pb_line_break_holder] --> <\/a><!-- [et_pb_line_break_holder] --><\/div>\n<p><!-- [et_pb_line_break_holder] --><!-- [et_pb_line_break_holder] --><!-- [et_pb_line_break_holder] --><!-- [et_pb_line_break_holder] --><!-- [et_pb_line_break_holder] --><\/div>\n<p><!-- [et_pb_line_break_holder] --><!-- [et_pb_line_break_holder] --><!-- [et_pb_line_break_holder] --> <!-- [et_pb_line_break_holder] --> <!-- [et_pb_line_break_holder] --> <!-- [et_pb_line_break_holder] --> <!-- [et_pb_line_break_holder] --> <!-- [et_pb_line_break_holder] --> <!-- [et_pb_line_break_holder] --><!-- [et_pb_line_break_holder] --><!-- [et_pb_line_break_holder] --><\/p>\n<div class=\"jcc_commercial_bathroom_item\"><!-- [et_pb_line_break_holder] --><!-- [et_pb_line_break_holder] --> <img decoding=\"async\" src=\"https:\/\/jccmontreal.ca\/wp-content\/uploads\/2024\/02\/moneris.png\"><!-- [et_pb_line_break_holder] --><!-- [et_pb_line_break_holder] -->\u00a0<!-- [et_pb_line_break_holder] --><!-- [et_pb_line_break_holder] --><!-- [et_pb_line_break_holder] --><\/p>\n<div class=\"jcc_commercial_work_card_content\"><!-- [et_pb_line_break_holder] --><a href=\"\/portfolio-commercial\/#moneris\"><!-- [et_pb_line_break_holder] --><b>Office gym and bathrooms (Moneris)<\/b><!-- [et_pb_line_break_holder] --> <\/a><!-- [et_pb_line_break_holder] -->\u00a0<!-- [et_pb_line_break_holder] --><!-- [et_pb_line_break_holder] --><!-- [et_pb_line_break_holder] --><!-- [et_pb_line_break_holder] --><\/div>\n<p><!-- [et_pb_line_break_holder] --><!-- [et_pb_line_break_holder] --><!-- [et_pb_line_break_holder] --><!-- [et_pb_line_break_holder] --><!-- [et_pb_line_break_holder] --><\/div>\n<p><!-- [et_pb_line_break_holder] --><!-- [et_pb_line_break_holder] --><!-- [et_pb_line_break_holder] --><!-- [et_pb_line_break_holder] --><!-- [et_pb_line_break_holder] --><!-- [et_pb_line_break_holder] --><\/div>\n<p><!-- [et_pb_line_break_holder] --><!-- [et_pb_line_break_holder] --><!-- [et_pb_line_break_holder] --><!-- [et_pb_line_break_holder] --><!-- [et_pb_line_break_holder] --><\/div>\n<p><!-- [et_pb_line_break_holder] --><!-- [et_pb_line_break_holder] --><!-- [et_pb_line_break_holder] --><!-- [et_pb_line_break_holder] --><!-- [et_pb_line_break_holder] --><\/p>\n<div class=\"jcc_commercial_bathroom_arrows\"><img decoding=\"async\" src=\"https:\/\/jccmontreal.ca\/wp-content\/uploads\/2024\/02\/jcc_residential_left_arrow_img.png\"><!-- [et_pb_line_break_holder] --><img decoding=\"async\" src=\"https:\/\/jccmontreal.ca\/wp-content\/uploads\/2024\/02\/jcc_residential_right_arrow_img.png\"><\/div>\n<p><!-- [et_pb_line_break_holder] --><!-- [et_pb_line_break_holder] --><!-- [et_pb_line_break_holder] --><!-- [et_pb_line_break_holder] --><!-- [et_pb_line_break_holder] --><\/div>\n<p>[\/et_pb_code][\/et_pb_column][\/et_pb_row][\/et_pb_section][et_pb_section fb_built=\u00a0\u00bb1&Prime; fullwidth=\u00a0\u00bbon\u00a0\u00bb _builder_version=\u00a0\u00bb4.7.5&Prime; _module_preset=\u00a0\u00bbdefault\u00a0\u00bb][et_pb_fullwidth_code _builder_version=\u00a0\u00bb4.7.5&Prime; _module_preset=\u00a0\u00bbdefault\u00a0\u00bb hover_enabled=\u00a0\u00bb0&Prime; sticky_enabled=\u00a0\u00bb0&Prime;]<\/p>\n<div class=\"jcc_about_cta_footer\"><!-- [et_pb_line_break_holder] --><!-- [et_pb_line_break_holder] --><\/p>\n<div class=\"jcc_about_cta_footer_content\"><!-- [et_pb_line_break_holder] --><!-- [et_pb_line_break_holder] --><\/p>\n<h2>Discutons de votre projet de construction<\/h2>\n<p><!-- [et_pb_line_break_holder] --><!-- [et_pb_line_break_holder] --><pee>L&rsquo;\u00e9quipe de J. Collins Construction Inc. est pr\u00eate \u00e0 vous accueillir. Nous \u00e9tudierons vos besoins et vous proposerons notre expertise pour trouver la meilleure solution. Contactez-nous d\u00e8s aujourd&rsquo;hui et commen\u00e7ons\u00a0!<\/pee><!-- [et_pb_line_break_holder] -->    <!-- [et_pb_line_break_holder] --><a href=\"\/fr\/contact\/\">Parlons<\/a><!-- [et_pb_line_break_holder] --><\/div>\n<p><!-- [et_pb_line_break_holder] --><!-- [et_pb_line_break_holder] --><\/div>\n<p><!-- [et_pb_line_break_holder] -->[\/et_pb_fullwidth_code][\/et_pb_section]<\/p>\n","protected":false},"excerpt":{"rendered":"<p>Structures Lorsque nous examinons les principes fondamentaux d\u2019un b\u00e2timent, la structure est certainement le plus important\u00a0! En partant de z\u00e9ro, nous disposons de l&rsquo;ing\u00e9nierie et de l&rsquo;expertise technique n\u00e9cessaires pour cr\u00e9er les espaces souhait\u00e9s \u00e0 l&rsquo;aide des mat\u00e9riaux les plus efficaces, afin que nos cr\u00e9ations r\u00e9sistent \u00e0 l&rsquo;\u00e9preuve du temps. Notre \u00e9quipe et nos \u00e9quipements [&hellip;]<\/p>\n","protected":false},"author":2,"featured_media":0,"parent":0,"menu_order":0,"comment_status":"closed","ping_status":"closed","template":"","meta":{"_et_pb_use_builder":"on","_et_pb_old_content":"","_et_gb_content_width":"","footnotes":""},"dipi_cpt_category":[],"class_list":["post-678","page","type-page","status-publish","hentry"],"yoast_head":"<!-- This site is optimized with the Yoast SEO plugin v27.5 - https:\/\/yoast.com\/product\/yoast-seo-wordpress\/ -->\n<title>Commercial - Structures - J.Collins Construction inc.<\/title>\n<meta name=\"robots\" content=\"index, follow, max-snippet:-1, max-image-preview:large, max-video-preview:-1\" \/>\n<link rel=\"canonical\" href=\"https:\/\/jccmontreal.ca\/fr\/commercial-structures\/\" \/>\n<meta property=\"og:locale\" content=\"fr_FR\" \/>\n<meta property=\"og:type\" content=\"article\" \/>\n<meta property=\"og:title\" content=\"Commercial - Structures - J.Collins Construction inc.\" \/>\n<meta property=\"og:description\" content=\"Structures Lorsque nous examinons les principes fondamentaux d\u2019un b\u00e2timent, la structure est certainement le plus important\u00a0! En partant de z\u00e9ro, nous disposons de l&#039;ing\u00e9nierie et de l&#039;expertise technique n\u00e9cessaires pour cr\u00e9er les espaces souhait\u00e9s \u00e0 l&#039;aide des mat\u00e9riaux les plus efficaces, afin que nos cr\u00e9ations r\u00e9sistent \u00e0 l&#039;\u00e9preuve du temps. Notre \u00e9quipe et nos \u00e9quipements [&hellip;]\" \/>\n<meta property=\"og:url\" content=\"https:\/\/jccmontreal.ca\/commercial-structures\/\" \/>\n<meta property=\"og:site_name\" content=\"J.Collins Construction inc.\" \/>\n<meta property=\"article:modified_time\" content=\"2024-03-26T23:50:40+00:00\" \/>\n<meta property=\"og:image\" content=\"https:\/\/jccmontreal.ca\/wp-content\/uploads\/2024\/03\/stru.png\" \/>\n<meta name=\"twitter:card\" content=\"summary_large_image\" \/>\n<meta name=\"twitter:label1\" content=\"Dur\u00e9e de lecture estim\u00e9e\" \/>\n\t<meta name=\"twitter:data1\" content=\"3 minutes\" \/>\n<script type=\"application\/ld+json\" class=\"yoast-schema-graph\">{\"@context\":\"https:\\\/\\\/schema.org\",\"@graph\":[{\"@type\":\"WebPage\",\"@id\":\"https:\\\/\\\/jccmontreal.ca\\\/commercial-structures\\\/\",\"url\":\"https:\\\/\\\/jccmontreal.ca\\\/commercial-structures\\\/\",\"name\":\"Commercial - Structures - J.Collins Construction inc.\",\"isPartOf\":{\"@id\":\"https:\\\/\\\/jccmontreal.ca\\\/#website\"},\"primaryImageOfPage\":{\"@id\":\"https:\\\/\\\/jccmontreal.ca\\\/commercial-structures\\\/#primaryimage\"},\"image\":{\"@id\":\"https:\\\/\\\/jccmontreal.ca\\\/commercial-structures\\\/#primaryimage\"},\"thumbnailUrl\":\"https:\\\/\\\/jccmontreal.ca\\\/wp-content\\\/uploads\\\/2024\\\/03\\\/stru.png\",\"datePublished\":\"2024-03-22T13:42:31+00:00\",\"dateModified\":\"2024-03-26T23:50:40+00:00\",\"breadcrumb\":{\"@id\":\"https:\\\/\\\/jccmontreal.ca\\\/commercial-structures\\\/#breadcrumb\"},\"inLanguage\":\"fr-FR\",\"potentialAction\":[{\"@type\":\"ReadAction\",\"target\":[\"https:\\\/\\\/jccmontreal.ca\\\/commercial-structures\\\/\"]}]},{\"@type\":\"ImageObject\",\"inLanguage\":\"fr-FR\",\"@id\":\"https:\\\/\\\/jccmontreal.ca\\\/commercial-structures\\\/#primaryimage\",\"url\":\"https:\\\/\\\/jccmontreal.ca\\\/wp-content\\\/uploads\\\/2024\\\/03\\\/stru.png\",\"contentUrl\":\"https:\\\/\\\/jccmontreal.ca\\\/wp-content\\\/uploads\\\/2024\\\/03\\\/stru.png\"},{\"@type\":\"BreadcrumbList\",\"@id\":\"https:\\\/\\\/jccmontreal.ca\\\/commercial-structures\\\/#breadcrumb\",\"itemListElement\":[{\"@type\":\"ListItem\",\"position\":1,\"name\":\"Home\",\"item\":\"https:\\\/\\\/jccmontreal.ca\\\/fr\\\/\"},{\"@type\":\"ListItem\",\"position\":2,\"name\":\"Commercial &#8211; Structures\"}]},{\"@type\":\"WebSite\",\"@id\":\"https:\\\/\\\/jccmontreal.ca\\\/#website\",\"url\":\"https:\\\/\\\/jccmontreal.ca\\\/\",\"name\":\"J.Collins Construction inc.\",\"description\":\"\",\"potentialAction\":[{\"@type\":\"SearchAction\",\"target\":{\"@type\":\"EntryPoint\",\"urlTemplate\":\"https:\\\/\\\/jccmontreal.ca\\\/?s={search_term_string}\"},\"query-input\":{\"@type\":\"PropertyValueSpecification\",\"valueRequired\":true,\"valueName\":\"search_term_string\"}}],\"inLanguage\":\"fr-FR\"}]}<\/script>\n<!-- \/ Yoast SEO plugin. -->","yoast_head_json":{"title":"Commercial - Structures - J.Collins Construction inc.","robots":{"index":"index","follow":"follow","max-snippet":"max-snippet:-1","max-image-preview":"max-image-preview:large","max-video-preview":"max-video-preview:-1"},"canonical":"https:\/\/jccmontreal.ca\/fr\/commercial-structures\/","og_locale":"fr_FR","og_type":"article","og_title":"Commercial - Structures - J.Collins Construction inc.","og_description":"Structures Lorsque nous examinons les principes fondamentaux d\u2019un b\u00e2timent, la structure est certainement le plus important\u00a0! En partant de z\u00e9ro, nous disposons de l'ing\u00e9nierie et de l'expertise technique n\u00e9cessaires pour cr\u00e9er les espaces souhait\u00e9s \u00e0 l'aide des mat\u00e9riaux les plus efficaces, afin que nos cr\u00e9ations r\u00e9sistent \u00e0 l'\u00e9preuve du temps. Notre \u00e9quipe et nos \u00e9quipements [&hellip;]","og_url":"https:\/\/jccmontreal.ca\/commercial-structures\/","og_site_name":"J.Collins Construction inc.","article_modified_time":"2024-03-26T23:50:40+00:00","og_image":[{"url":"https:\/\/jccmontreal.ca\/wp-content\/uploads\/2024\/03\/stru.png","type":"","width":"","height":""}],"twitter_card":"summary_large_image","twitter_misc":{"Dur\u00e9e de lecture estim\u00e9e":"3 minutes"},"schema":{"@context":"https:\/\/schema.org","@graph":[{"@type":"WebPage","@id":"https:\/\/jccmontreal.ca\/commercial-structures\/","url":"https:\/\/jccmontreal.ca\/commercial-structures\/","name":"Commercial - Structures - J.Collins Construction inc.","isPartOf":{"@id":"https:\/\/jccmontreal.ca\/#website"},"primaryImageOfPage":{"@id":"https:\/\/jccmontreal.ca\/commercial-structures\/#primaryimage"},"image":{"@id":"https:\/\/jccmontreal.ca\/commercial-structures\/#primaryimage"},"thumbnailUrl":"https:\/\/jccmontreal.ca\/wp-content\/uploads\/2024\/03\/stru.png","datePublished":"2024-03-22T13:42:31+00:00","dateModified":"2024-03-26T23:50:40+00:00","breadcrumb":{"@id":"https:\/\/jccmontreal.ca\/commercial-structures\/#breadcrumb"},"inLanguage":"fr-FR","potentialAction":[{"@type":"ReadAction","target":["https:\/\/jccmontreal.ca\/commercial-structures\/"]}]},{"@type":"ImageObject","inLanguage":"fr-FR","@id":"https:\/\/jccmontreal.ca\/commercial-structures\/#primaryimage","url":"https:\/\/jccmontreal.ca\/wp-content\/uploads\/2024\/03\/stru.png","contentUrl":"https:\/\/jccmontreal.ca\/wp-content\/uploads\/2024\/03\/stru.png"},{"@type":"BreadcrumbList","@id":"https:\/\/jccmontreal.ca\/commercial-structures\/#breadcrumb","itemListElement":[{"@type":"ListItem","position":1,"name":"Home","item":"https:\/\/jccmontreal.ca\/fr\/"},{"@type":"ListItem","position":2,"name":"Commercial &#8211; Structures"}]},{"@type":"WebSite","@id":"https:\/\/jccmontreal.ca\/#website","url":"https:\/\/jccmontreal.ca\/","name":"J.Collins Construction inc.","description":"","potentialAction":[{"@type":"SearchAction","target":{"@type":"EntryPoint","urlTemplate":"https:\/\/jccmontreal.ca\/?s={search_term_string}"},"query-input":{"@type":"PropertyValueSpecification","valueRequired":true,"valueName":"search_term_string"}}],"inLanguage":"fr-FR"}]}},"featured_image_src":null,"featured_image_src_square":null,"_links":{"self":[{"href":"https:\/\/jccmontreal.ca\/fr\/wp-json\/wp\/v2\/pages\/678","targetHints":{"allow":["GET"]}}],"collection":[{"href":"https:\/\/jccmontreal.ca\/fr\/wp-json\/wp\/v2\/pages"}],"about":[{"href":"https:\/\/jccmontreal.ca\/fr\/wp-json\/wp\/v2\/types\/page"}],"author":[{"embeddable":true,"href":"https:\/\/jccmontreal.ca\/fr\/wp-json\/wp\/v2\/users\/2"}],"replies":[{"embeddable":true,"href":"https:\/\/jccmontreal.ca\/fr\/wp-json\/wp\/v2\/comments?post=678"}],"version-history":[{"count":0,"href":"https:\/\/jccmontreal.ca\/fr\/wp-json\/wp\/v2\/pages\/678\/revisions"}],"wp:attachment":[{"href":"https:\/\/jccmontreal.ca\/fr\/wp-json\/wp\/v2\/media?parent=678"}],"wp:term":[{"taxonomy":"dipi_cpt_category","embeddable":true,"href":"https:\/\/jccmontreal.ca\/fr\/wp-json\/wp\/v2\/dipi_cpt_category?post=678"}],"curies":[{"name":"wp","href":"https:\/\/api.w.org\/{rel}","templated":true}]}}